{"id":1137,"date":"2022-06-02T08:05:58","date_gmt":"2022-06-02T08:05:58","guid":{"rendered":"https:\/\/serviozono.com\/?post_type=product&#038;p=1137"},"modified":"2025-10-20T16:16:49","modified_gmt":"2025-10-20T16:16:49","slug":"top-ozo-car-24v","status":"publish","type":"product","link":"https:\/\/serviozono.com\/it\/prodotto\/top-ozo-car-24v\/","title":{"rendered":"TOP OZO 24V AUTO"},"content":{"rendered":"<h3>Generatori di ozono SUPERIORE OZO-AUTO<\/h3>\n<p>Realizzati con componenti industriali, sono i migliori mini generatori di Ozono disponibili sul mercato. Sono dispositivi progettati per essere utilizzati nelle cabine di veicoli e collegato alla presa accendisigari, non richiedono la modifica dei filtri, o l&#039;aggiunta di qualsiasi tipo di materiale di consumo. Grazie alla pi\u00f9 recente tecnologia integrata di scarica a corona e ad ALTA FREQUENZA (2.500 V \/ 17.000 Hz) per il<br \/>\nla produzione di Ozono, i risultati significativamente superiore a quella dei sistemi utilizzati fino a quel momento, che consente di ridurre l&#039;attrezzatura, nonostante l&#039;ottenimento di rese elevate di Ozono.<\/p>\n<p style=\"text-align: center;\"><span style=\"color: #339966;\">IO RESPIRO ARIA PURA!<\/span><\/p>\n<p><img loading=\"lazy\" decoding=\"async\" class=\"alignnone wp-image-1138\" src=\"https:\/\/serviozono.com\/wp-content\/uploads\/2022\/06\/desinfeccion-de-coche-covid-hanna-1-640x400.jpg\" alt=\"\" width=\"571\" height=\"357\" srcset=\"https:\/\/serviozono.com\/wp-content\/uploads\/2022\/06\/desinfeccion-de-coche-covid-hanna-1-640x400.jpg 640w, https:\/\/serviozono.com\/wp-content\/uploads\/2022\/06\/desinfeccion-de-coche-covid-hanna-1-600x375.jpg 600w, https:\/\/serviozono.com\/wp-content\/uploads\/2022\/06\/desinfeccion-de-coche-covid-hanna-1-768x480.jpg 768w, https:\/\/serviozono.com\/wp-content\/uploads\/2022\/06\/desinfeccion-de-coche-covid-hanna-1-320x200.jpg 320w, https:\/\/serviozono.com\/wp-content\/uploads\/2022\/06\/desinfeccion-de-coche-covid-hanna-1.jpg 800w\" sizes=\"auto, (max-width: 571px) 100vw, 571px\" \/><img loading=\"lazy\" decoding=\"async\" class=\"alignnone wp-image-1136\" src=\"https:\/\/serviozono.com\/wp-content\/uploads\/2022\/06\/TOP-OZO-CAR-12V.jpg\" alt=\"\" width=\"183\" height=\"183\" srcset=\"https:\/\/serviozono.com\/wp-content\/uploads\/2022\/06\/TOP-OZO-CAR-12V.jpg 400w, https:\/\/serviozono.com\/wp-content\/uploads\/2022\/06\/TOP-OZO-CAR-12V-300x300.jpg 300w, https:\/\/serviozono.com\/wp-content\/uploads\/2022\/06\/TOP-OZO-CAR-12V-100x100.jpg 100w, https:\/\/serviozono.com\/wp-content\/uploads\/2022\/06\/TOP-OZO-CAR-12V-160x160.jpg 160w, https:\/\/serviozono.com\/wp-content\/uploads\/2022\/06\/TOP-OZO-CAR-12V-320x320.jpg 320w\" sizes=\"auto, (max-width: 183px) 100vw, 183px\" \/><\/p>\n<p>-Rimuovere completamente tutti i tipi di odori all&#039;interno dell&#039;abitacolo (tabacco, feci, animali domestici)<br \/>\n-Disinfettare l&#039;ambiente, la rimozione di virus, batteri e acari della polvere<br \/>\n-Ottenere una sterilizzazione e deodorizzazione dei condotti dell&#039;aria condizionata.<br \/>\n-Ridurre i sintomi di asma e allergie di tutti i tipi.<br \/>\n-Ottenere una qualit\u00e0 dell&#039;aria molto benefico per la salute.<br \/>\nSe lasciato collegato quando si parcheggia il veicolo al sole, rimuovere il benzene generato dall&#039;industria delle materie plastiche riscaldati.<br \/>\n-Per gli autisti e vettori, purifica e disinfetta il luogo normale di lavoro di un semplice ed economico.<\/p>\n<p>&nbsp;<\/p>\n<h3>Come funziona la disinfezione con Ozono<\/h3>\n<p>La molecola di Ossigeno, O2, \u00e8 diviso con elettricit\u00e0 dal reattore di Ozono, con la conseguente divisione in due atomi di Ossigeno O1. L&#039;O1 \u00e8 molto instabile e si rapidamente un amico, un&#039;altra molecola di Ossigeno, O2, che potr\u00e0 essere incollati per formare una molecola pi\u00f9 pesante, Ozono O3. O3 ha una carica elettrica opposta alla carica elettrica di batteri, funghi, materia organica che galleggia nell&#039;aria, virus, ecc, saranno attratti tra di loro, come un magnete, e, in caso di collisione, l&#039;Ozono O3 fornire un atomo di Ossigeno O1. \u00c8 quello che si chiama ossidazione. L&#039;atomo di Ossigeno O1 distruggere l&#039;agente patogeno e che \u00e8 stato di connessione della molecola di Ossigeno O2. Pertanto, il residuo di fermare l&#039;ossidazione sar\u00e0 un residuo che contiene dall&#039;inizio l&#039;aria, la molecola di Ossigeno, O2.<\/p>\n<p>Attrezzato internamente con un timer ciclico, la produzione di opere a intermittenza (1 min. E 1 min. OFF), e questo mantiene un perfetto rapporto di produzione<\/p>\n<h3>Caratteristiche tecniche<\/h3>\n<p>&nbsp;<\/p>\n<table>\n<tbody>\n<tr>\n<td width=\"283\">TENSIONE<\/td>\n<td width=\"283\">24 V<\/td>\n<\/tr>\n<tr>\n<td width=\"283\">Il CONSUMO di<\/td>\n<td width=\"283\">7 W<\/td>\n<\/tr>\n<tr>\n<td width=\"283\">DIMENSIONI<\/td>\n<td width=\"283\">6 x 5 x 10.4<\/td>\n<\/tr>\n<tr>\n<td width=\"283\">PESO<\/td>\n<td width=\"283\">220 G<\/td>\n<\/tr>\n<tr>\n<td width=\"283\">PRODUZIONE<\/td>\n<td width=\"283\">16 MG \/H<\/td>\n<\/tr>\n<tr>\n<td width=\"283\">TEMPERATURA DI ESERCIZIO<\/td>\n<td width=\"283\">5 \u00b0 C e 45 \u00b0C \/ 41-113 \u00b0F<\/td>\n<\/tr>\n<tr>\n<td width=\"283\">UMIDIT\u00c0 DI UTILIZZO<\/td>\n<td width=\"283\">5 \u2013 85%<\/td>\n<\/tr>\n<\/tbody>\n<\/table>","protected":false},"excerpt":{"rendered":"<p>TOP OZO-24V AUTO<\/p>","protected":false},"featured_media":1741,"template":"","meta":[],"product_brand":[],"product_cat":[66],"product_tag":[],"class_list":{"0":"post-1137","1":"product","2":"type-product","3":"status-publish","4":"has-post-thumbnail","6":"product_cat-mini-ozo-hogar-car","8":"first","9":"instock","10":"sale","11":"taxable","12":"shipping-taxable","13":"purchasable","14":"product-type-simple"},"_links":{"self":[{"href":"https:\/\/serviozono.com\/it\/wp-json\/wp\/v2\/product\/1137","targetHints":{"allow":["GET"]}}],"collection":[{"href":"https:\/\/serviozono.com\/it\/wp-json\/wp\/v2\/product"}],"about":[{"href":"https:\/\/serviozono.com\/it\/wp-json\/wp\/v2\/types\/product"}],"wp:featuredmedia":[{"embeddable":true,"href":"https:\/\/serviozono.com\/it\/wp-json\/wp\/v2\/media\/1741"}],"wp:attachment":[{"href":"https:\/\/serviozono.com\/it\/wp-json\/wp\/v2\/media?parent=1137"}],"wp:term":[{"taxonomy":"product_brand","embeddable":true,"href":"https:\/\/serviozono.com\/it\/wp-json\/wp\/v2\/product_brand?post=1137"},{"taxonomy":"product_cat","embeddable":true,"href":"https:\/\/serviozono.com\/it\/wp-json\/wp\/v2\/product_cat?post=1137"},{"taxonomy":"product_tag","embeddable":true,"href":"https:\/\/serviozono.com\/it\/wp-json\/wp\/v2\/product_tag?post=1137"}],"curies":[{"name":"wp","href":"https:\/\/api.w.org\/{rel}","templated":true}]}}