{"id":3073,"date":"2024-08-07T14:09:23","date_gmt":"2024-08-07T14:09:23","guid":{"rendered":"https:\/\/serviozono.com\/?post_type=product&#038;p=3073"},"modified":"2025-10-20T16:15:17","modified_gmt":"2025-10-20T16:15:17","slug":"u-multiagro-4g","status":"publish","type":"product","link":"https:\/\/serviozono.com\/it\/prodotto\/u-multiagro-4g\/","title":{"rendered":"U. MULTIAGRO-4G"},"content":{"rendered":"<h1 class=\"entry-title\" style=\"text-align: center;\">Ozono per l&#039;irrigazione dell&#039;agro-ecologica<\/h1>\n<h3>Generatore di ozono per l&#039;irrigazione dell&#039;agro-ecologica<\/h3>\n<p>Da decenni fa, con un potenziale di ossidazione 2.42 V, \u00e8 riconosciuto per l&#039;Ozono (O3) il disinfettante pi\u00f9 potente dopo il fluoro \u00e8 un gas molto tossico per l&#039;essere umano, con un valore ossidante 3.06 V), e radicali liberi Idrossilici HO0, con un valore antiossidante di 2,8 V, ma a differenza di questi, l&#039;Ozono, in quantit\u00e0 controllate, \u00e8 benefico per l&#039;uomo, le piante e gli animali, e non genera rifiuti, inquinanti, ma il suo residuo \u00e8 semplice molecola di ossigeno (O2). Nonostante questo, non \u00e8 stato fino a poco tempo fa che i Generatori di Ozono sono stati tech reale impatto sui risultati.<\/p>\n<p>L&#039;azione Deodorante e Disinfettante, Ozono (Viricida, Battericida, Fungicida, Sporicida e Protozoicida) \u00e8 utilizzato per purificare e sterilizzare l&#039;aria contaminata, tra le altre ragioni, gli effetti della concentrazione di organismi viventi in spazi chiusi. L&#039;applicazione pu\u00f2 essere effettuata sia in aria e in acqua e in olio.<\/p>\n<p>&nbsp;<\/p>\n<p><img loading=\"lazy\" decoding=\"async\" class=\"size-full wp-image-3075 aligncenter\" src=\"https:\/\/serviozono.com\/wp-content\/uploads\/2024\/08\/paste1307.jpg\" alt=\"\" width=\"566\" height=\"382\" srcset=\"https:\/\/serviozono.com\/wp-content\/uploads\/2024\/08\/paste1307.jpg 566w, https:\/\/serviozono.com\/wp-content\/uploads\/2024\/08\/paste1307-18x12.jpg 18w, https:\/\/serviozono.com\/wp-content\/uploads\/2024\/08\/paste1307-320x216.jpg 320w\" sizes=\"auto, (max-width: 566px) 100vw, 566px\" \/><\/p>\n<p>&nbsp;<\/p>\n<h3 style=\"text-align: center;\">L&#039;uso di acqua ozonizzata per l&#039;irrigazione&#034; <span class=\"ws14\">Tonificante piante &#034;<\/span><\/h3>\n<h5><strong>QUELLO CHE SI OTTIENE<\/strong><\/h5>\n<ul>\n<li>E le radici delle piante con pi\u00f9 forza.<\/li>\n<li>Produce gambi pi\u00f9 spessi, aumentare i meccanismi di difesa delle coltivazioni, soprattutto gli aumenti nella produzione di resine che, a distanza di insetti.<\/li>\n<li>Aumento della superficie delle radici e delle foglie.<\/li>\n<li>Pi\u00f9 ancora da radici a terra.<\/li>\n<li>Pi\u00f9 alto tasso di recupero di danni piante.<\/li>\n<li>Per proteggere dalle infezioni, riduce la mortalit\u00e0 delle piante.<\/li>\n<li>Maggiore resistenza ai parassiti.<\/li>\n<li>Sviluppo molto pi\u00f9 veloce.<\/li>\n<li>L&#039;ozono, il che rende sfruttando le molecole di pareti cellulari, ottiene che i microrganismi non sviluppano tolleranza.<\/li>\n<\/ul>\n<h5><strong>PER OTTENERE<\/strong><\/h5>\n<ul>\n<li>Pi\u00f9 fioriture.<\/li>\n<li>Frutti simmetrica, senza deformazioni.<\/li>\n<li>La produzione per pianta.<\/li>\n<li>Frutti di grandi dimensioni e peso.<\/li>\n<li>Frutti con pi\u00f9 sapore e pi\u00f9 succosa.<\/li>\n<li>Colori pi\u00f9 vividi.<\/li>\n<li>Riduce i tempi di produzione.<\/li>\n<li>Per variare la biologia del suolo, hanno approfittato di tutti i componenti organici.<\/li>\n<\/ul>\n<h5><strong>VANTAGGI<\/strong><\/h5>\n<ul>\n<li>Pi\u00f9 raccolto.<\/li>\n<li>Meno tempo per ogni coltura.<\/li>\n<li>Meno consumo di acqua.<\/li>\n<li>L&#039;Ozono mantiene i gocciolatori, pulito e sanitario, evitando cos\u00ec l&#039;intasamento da contaminazione o depositi di biofilm e acidi umici, fulvici e tannico)<\/li>\n<li>Neutralizza cianidrico, ammoniaca, nitriti e urea.<\/li>\n<li>La riduzione e la rimozione dei prodotti fitosanitari, aumentando la qualit\u00e0 delle piante e dei frutti. Ideale per la conversione all&#039;Agricoltura Biologica.<\/li>\n<li>Frutti di uniforme, compatto, forte, pi\u00f9 grande e di colori vivaci.<\/li>\n<li>Grazie a una pi\u00f9 ricca in zuccheri, sono ottenuti i frutti con pi\u00f9 odore e pi\u00f9 saporito.<\/li>\n<li>Aumento della shelf life dei frutti in condizioni ambientali normali, senza aggiunta di sostanze chimiche.<\/li>\n<\/ul>\n<p><img loading=\"lazy\" decoding=\"async\" class=\"size-medium wp-image-3076 aligncenter\" src=\"https:\/\/serviozono.com\/wp-content\/uploads\/2024\/08\/aumenta-rendimiento-con-el-ozono-640x308.jpg\" alt=\"\" width=\"640\" height=\"308\" srcset=\"https:\/\/serviozono.com\/wp-content\/uploads\/2024\/08\/aumenta-rendimiento-con-el-ozono-640x308.jpg 640w, https:\/\/serviozono.com\/wp-content\/uploads\/2024\/08\/aumenta-rendimiento-con-el-ozono-768x370.jpg 768w, https:\/\/serviozono.com\/wp-content\/uploads\/2024\/08\/aumenta-rendimiento-con-el-ozono-18x9.jpg 18w, https:\/\/serviozono.com\/wp-content\/uploads\/2024\/08\/aumenta-rendimiento-con-el-ozono-320x154.jpg 320w, https:\/\/serviozono.com\/wp-content\/uploads\/2024\/08\/aumenta-rendimiento-con-el-ozono-600x289.jpg 600w, https:\/\/serviozono.com\/wp-content\/uploads\/2024\/08\/aumenta-rendimiento-con-el-ozono.jpg 882w\" sizes=\"auto, (max-width: 640px) 100vw, 640px\" \/><\/p>\n<p>&nbsp;<\/p>\n<h3 style=\"text-align: center;\">Effetto germicida o microbicida ozono<\/h3>\n<p>Da microbo si intende qualsiasi forma di vita che non pu\u00f2 essere visto dall&#039;occhio umano, ma con l&#039;uso del microscopio. Questi esseri viventi restano tutti i tipi di superfici, o di fluttuare nell&#039;aria associato con particelle di polvere o goccioline di acqua in sospensione, essendo la causa di tutti i tipi di malattie contagiose, in particolare in ambienti chiusi. Questi micro-organismi, a causa della sua capacit\u00e0 di provocare malattie infettive sono chiamati agenti patogeni.<\/p>\n<p>L&#039;ozono \u00e8 il solo antisettico completo (batterio, virus, prioni, funghi, lieviti, funghi, protozoi,...), che facilmente distrutto la trasmissione di agenti patogeni come E. coli e Salmonella dall&#039;ambiente, prevenendo l&#039;insorgenza di muffe e altri funghi.<\/p>\n<p>I microrganismi non possono sviluppare una immunit\u00e0 per l&#039;ozono, in quanto si ossida la membrana della proteina cellulare, che \u00e8 quello di dire che si ossida sua parete cellulare, da cracking e attaccare direttamente, i costituenti degli acidi nucleici (DNA e RNA).<\/p>\n<h3>L&#039;effetto battericida dell&#039;ozono<\/h3>\n<p>Uno dei vantaggi pi\u00f9 importanti di Ozono rispetto ad altri battericidi \u00e8 che il suo effetto \u00e8 evidenziato a basse concentrazioni (da 0,01 a p. m. o meno). Anche con periodi molto brevi di esposizione, un effetto batteriostatico ed \u00e8 perfettamente osservabile.<\/p>\n<p>La differenza tra un effetto battericida e batteriostatico effetto \u00e8 quello di un agente battericida \u00e8 in grado di uccidere i batteri e tuttavia, un agente batteriostatico non arriva a uccidere, ma se si impedisce loro di giocare, rallentando rapidamente la crescita delle loro popolazioni.<\/p>\n<p>Anche se teoricamente essere effetti molto diversi, in pratica, di una popolazione di batteri senza la capacit\u00e0 riproduttiva di una popolazione \u00e8 destinato a scomparire. Infatti, gli agenti antimicrobici importante come alcuni antibiotici sulla base del loro potere su una azione batteriostatica.<\/p>\n<p>&nbsp;<\/p>\n<p><img loading=\"lazy\" decoding=\"async\" class=\"wp-image-3077 aligncenter\" src=\"https:\/\/serviozono.com\/wp-content\/uploads\/2024\/08\/paste261.jpg\" alt=\"\" width=\"304\" height=\"242\" srcset=\"https:\/\/serviozono.com\/wp-content\/uploads\/2024\/08\/paste261.jpg 200w, https:\/\/serviozono.com\/wp-content\/uploads\/2024\/08\/paste261-15x12.jpg 15w\" sizes=\"auto, (max-width: 304px) 100vw, 304px\" \/><\/p>\n<div class=\"et_pb_module et_pb_text et_pb_text_2 et_pb_text_align_left et_pb_bg_layout_light\">\n<div class=\"et_pb_text_inner\">\n<p>&nbsp;<\/p>\n<h3>Effetto viricida ozono<\/h3>\n<p>Il virus, ora considerato come il confine tra gli esseri viventi e la materia inerte, non sono in grado di vivere o di riprodurre se non \u00e8 parasitizing cellule che finalmente distrutto. A differenza dei batteri, restano un mistero, e si ritiene che essi sono sempre dannosi, causando malattie comuni come l&#039;influenza, il raffreddore comune, morbillo, vaiolo, varicella, rosolia, poliomielite, epatite, ecc<\/p>\n<p>L&#039;ozono agisce sul virus di andare sulla sua busta proteine, e modificando la sua struttura tridimensionale. Quando questo si verifica, il virus non pu\u00f2 partecipare a qualsiasi cellula ospite, con conseguente inibito. Senza riconoscere il suo punto di ancoraggio e di essere controllati, non possono pi\u00f9 riprodursi e muore.<\/p>\n<p>&nbsp;<\/p>\n<\/div>\n<\/div>\n<p><img loading=\"lazy\" decoding=\"async\" class=\"wp-image-3078 aligncenter\" src=\"https:\/\/serviozono.com\/wp-content\/uploads\/2024\/08\/paste260.jpg\" alt=\"\" width=\"280\" height=\"263\" srcset=\"https:\/\/serviozono.com\/wp-content\/uploads\/2024\/08\/paste260.jpg 200w, https:\/\/serviozono.com\/wp-content\/uploads\/2024\/08\/paste260-13x12.jpg 13w\" sizes=\"auto, (max-width: 280px) 100vw, 280px\" \/><\/p>\n<p>&nbsp;<\/p>\n<h3>Fungicida effetto dell&#039;ozono<\/h3>\n<p>Ci sono alcuni tipi di funghi che hanno la capacit\u00e0 di causare malattie. Molti altri sono in grado di causare alterazioni nei nostri alimenti, che li rende inaccettabile per il consumo, come \u00e8 il caso dello stampo.<\/p>\n<p>Con l&#039;ozonizzazione, provvederemo a rimuovere queste forme patogene le cui spore sono in tutti i tipi di ambienti, al fine di evitare possibili danni alle cellule.<\/p>\n<p>&nbsp;<\/p>\n<p><img loading=\"lazy\" decoding=\"async\" class=\"wp-image-3079 aligncenter\" src=\"https:\/\/serviozono.com\/wp-content\/uploads\/2024\/08\/paste263.jpg\" alt=\"\" width=\"323\" height=\"226\" srcset=\"https:\/\/serviozono.com\/wp-content\/uploads\/2024\/08\/paste263.jpg 200w, https:\/\/serviozono.com\/wp-content\/uploads\/2024\/08\/paste263-18x12.jpg 18w\" sizes=\"auto, (max-width: 323px) 100vw, 323px\" \/><\/p>\n<p>&nbsp;<\/p>\n<h3>Effetto dello iodio nell&#039;ozono<\/h3>\n<p>Ci sono alcuni funghi e batteri che, quando le condizioni sono sfavorevoli per il suo sviluppo, produrre una spessa avvolgere intorno a loro e paralizzare la loro attivit\u00e0 metabolica, rimanendo in uno stato di latenza. Quando le condizioni per la loro sopravvivenza favorevoli, il loro metabolismo per recuperare l&#039;attivit\u00e0.<\/p>\n<p>Queste forme di resistenza sono conosciute come spore e sono tipici di batteri patogeni come quelli che causano il tetano, la cancrena, o di antrace botulismo.<\/p>\n<p>Questo tipo di meccanismo di resistenza la rende molto difficile da combattere contro di loro e trattamenti utile anche in altri casi, come le alte temperature e una moltitudine di antimicrobici, sono inefficaci in questi casi. Con l&#039;ozonizzazione, questi microrganismi vengono rimossi radicalmente.<\/p>\n<p>&nbsp;<\/p>\n<p><img loading=\"lazy\" decoding=\"async\" class=\"wp-image-3080 aligncenter\" src=\"https:\/\/serviozono.com\/wp-content\/uploads\/2024\/08\/paste262.jpg\" alt=\"\" width=\"309\" height=\"246\" srcset=\"https:\/\/serviozono.com\/wp-content\/uploads\/2024\/08\/paste262.jpg 200w, https:\/\/serviozono.com\/wp-content\/uploads\/2024\/08\/paste262-15x12.jpg 15w\" sizes=\"auto, (max-width: 309px) 100vw, 309px\" \/><\/p>\n<p>&nbsp;<\/p>\n<h3>Effetto protozoicida ozono<\/h3>\n<p>Alcuni microrganismi, come la Giardia lamblia, o il pi\u00f9 infame di Cryptosporidium, causando la maggior parte della diarrea acquisito in quel giorno vi sar\u00e0 la visita di una piscina, di vivere in quasi tutte le acque che non hanno il trattamento con Ozono. Ha anche infettare migliaia di utenti di acqua della rete pubblica dei grandi centri urbani. Possiamo considerare l&#039;Ozono come l&#039;unico disinfettante che \u00e8 valido per la rimozione.<\/p>\n<p>&nbsp;<\/p>\n<p><img loading=\"lazy\" decoding=\"async\" class=\"wp-image-3081 aligncenter\" src=\"https:\/\/serviozono.com\/wp-content\/uploads\/2024\/08\/paste439.jpg\" alt=\"\" width=\"293\" height=\"266\" srcset=\"https:\/\/serviozono.com\/wp-content\/uploads\/2024\/08\/paste439.jpg 150w, https:\/\/serviozono.com\/wp-content\/uploads\/2024\/08\/paste439-13x12.jpg 13w\" sizes=\"auto, (max-width: 293px) 100vw, 293px\" \/><\/p>\n<p>&nbsp;<\/p>\n<h3>Effetto priocida ozono<\/h3>\n<p>Un prione \u00e8 una particella infettiva formata da una proteina chiamata prione, cause neurologiche degenerative (malattie trasmissibili) come scrapie, malattia di Creutzfeldt-Jakob e l&#039;encefalopatia spongiforme bovina.<\/p>\n<p>L&#039;ozonizzazione eliminare questa forma di contagio in tutti i tipi di ambienti, al fine di evitare possibili danni alle cellule.<\/p>\n<p>&nbsp;<\/p>\n<p><img loading=\"lazy\" decoding=\"async\" class=\"wp-image-3082 aligncenter\" src=\"https:\/\/serviozono.com\/wp-content\/uploads\/2024\/08\/paste932.jpg\" alt=\"\" width=\"351\" height=\"244\" srcset=\"https:\/\/serviozono.com\/wp-content\/uploads\/2024\/08\/paste932.jpg 200w, https:\/\/serviozono.com\/wp-content\/uploads\/2024\/08\/paste932-18x12.jpg 18w\" sizes=\"auto, (max-width: 351px) 100vw, 351px\" \/><\/p>\n<p>&nbsp;<\/p>\n<h3 style=\"text-align: center;\">La contaminazione del suolo<\/h3>\n<h5>Per l&#039;agricoltura, si pu\u00f2 considerare che il suolo agisce come un serbatoio di nutrienti minerali richiesti dalle piante.<\/h5>\n<p>Le piante assorbono i minerali essenziali per mezzo di ioni inorganici disciolti nell&#039;acqua. Quando questi nutrienti minerali immagazzinato nel suolo sciogliere in acqua, le radici delle piante, attraverso la loro radice peli, sono in grado di assorbire per il trasporto del minerale attraverso la corteccia della radice per raggiungere il endodermis, da dove viene distribuito al resto della pianta.<\/p>\n<p>Ci sono 13 elementi minerali importanti effetti sulle piante e questi sono: Azoto, Potassio, Fosforo, Calcio, Magnesio, Zolfo, Ferro, Manganese, Zinco, Boro, Rame, Silicio, Molibdeno, e sono parte della soluzione nutritiva utilizzata in idroponica in crescita. Per mantenere l&#039;equilibrio tra i nutrienti sar\u00e0 essenziale per ottenere prestazioni migliori in azienda agricola.<\/p>\n<p>I suoli possono essere contaminati e la bassa produttivit\u00e0 per diversi motivi:<\/p>\n<ul>\n<li>I microrganismi che causano la malattia delle piante. Gli organismi anaerobi (che vivono in assenza di ossigeno) sono responsabili del marciume e contaminare le colture. La coltura ripetuta raggiunge un carico di questi patogeni suoli, agot\u00e1ndolos raccolto dopo raccolto. L&#039;eccesso di irrigazione, l&#039;uso di rigenerati acqua e le inondazioni proliferare tutti i tipi di funghi e microrganismi anaerobici che riducono la capacit\u00e0 del suolo per applicazioni agricole. Per abbassare il tasso di ossigeno nel suolo, il maggior numero di microrganismi che causano marciume radicale nelle coltivazioni.<\/li>\n<li>Utilizzando le acque sotterranee, che gener\u00f2 la qualit\u00e0 di questi suoli. Gli ioni accumularsi causando l&#039;alcalinit\u00e0 o l&#039;elevazione dell&#039;elemento di sodio, boro, etc. la contaminazione, e fecali E. coli pu\u00f2 anche causare gravi problemi, soprattutto in prodotti di consumo, nelle materie prime, come la lattuga.<\/li>\n<\/ul>\n<p>&nbsp;<\/p>\n<p><img loading=\"lazy\" decoding=\"async\" class=\"wp-image-3083 aligncenter\" src=\"https:\/\/serviozono.com\/wp-content\/uploads\/2024\/08\/paste1788.jpg\" alt=\"\" width=\"479\" height=\"325\" srcset=\"https:\/\/serviozono.com\/wp-content\/uploads\/2024\/08\/paste1788.jpg 354w, https:\/\/serviozono.com\/wp-content\/uploads\/2024\/08\/paste1788-18x12.jpg 18w, https:\/\/serviozono.com\/wp-content\/uploads\/2024\/08\/paste1788-320x217.jpg 320w\" sizes=\"auto, (max-width: 479px) 100vw, 479px\" \/><\/p>\n<p>&nbsp;<\/p>\n<h3 style=\"text-align: center;\">L&#039;irrigazione con Ozono in agricoltura<\/h3>\n<p>Le piante sono composte per l &#039; 80% di acqua, che costituisce, pertanto, la sua componente principale. Essere il principale apporto di nutrienti per la pianta, l&#039;acqua utilizzata per l&#039;irrigazione non deve essere sottovalutato, perch\u00e9 la produzione finale dipender\u00e0 dalla qualit\u00e0 dell&#039;acqua.<\/p>\n<p>&nbsp;<\/p>\n<p><img loading=\"lazy\" decoding=\"async\" class=\"wp-image-3084 aligncenter\" src=\"https:\/\/serviozono.com\/wp-content\/uploads\/2024\/08\/goteo.jpg\" alt=\"\" width=\"651\" height=\"339\" srcset=\"https:\/\/serviozono.com\/wp-content\/uploads\/2024\/08\/goteo.jpg 311w, https:\/\/serviozono.com\/wp-content\/uploads\/2024\/08\/goteo-18x9.jpg 18w\" sizes=\"auto, (max-width: 651px) 100vw, 651px\" \/><\/p>\n<p>&nbsp;<\/p>\n<p>L&#039;ozonizzazione in irrigazione per anni, sia in coltivazioni intensive, o in serra, come in un vasto, o in campo aperto, arriva a beneficio dell&#039;intera classe di piantagioni di ortaggi, alberi da frutto, uliveti, vigneti, ecc, L&#039;acqua ozonizzata \u00e8 utilizzato in<strong>\u00a0tutti i tipi di colture convenzionali e biologiche<\/strong>applicato per irrigazione da\u00a0<strong>sprinkler, micro-irrigatore a goccia, irrigazione di superficie, o dalla forza di gravit\u00e0, l&#039;acqua e la condensa<\/strong>. Utilizzando l&#039;Ozono, pu\u00f2 essere coltivata in un tutto organico, senza pregiudizio per la redditivit\u00e0 di sfruttamento, ma, al contrario, facendo aumentare.<\/p>\n<p>In agricoltura convenzionale, composti organici nel suolo sono convertiti in sostanze nutrienti minerali da processi fisico-chimici e, pi\u00f9 lentamente, da processi biologici attraverso l&#039;humus. Ozono accelera la mineralizzazione senza la necessit\u00e0 di utilizzo di altri agenti, convertendo la materia organica nel suolo ricco di sostanze nutritive per le piante. L&#039;ozono aumenta e mantiene la fertilit\u00e0 del suolo medio e lungo termine.<\/p>\n<p>L&#039;alta qualit\u00e0 dell&#039;acqua ottenuta con l&#039;ozonizzazione facilitare la diluire meglio le sostanze nutritive solubili che vengono poi assorbiti dalle radici, permettendo cos\u00ec di ridurre i consumi di acqua, con un risparmio sull&#039;uso.<\/p>\n<p>\u00c8 importante notare che maggiore \u00e8 l&#039;uso di letame, liquame o lisier come fertilizzante, maggiore \u00e8 il rischio di contaminazione biologica da organismi come l&#039;Escherichia coli O157:H7. Per rimuovere efficacemente E. coli e di altri agenti patogeni nel contenuto di acqua, l&#039;ozonizzazione limiti di tale rischio. Per disinfettare, si pu\u00f2 anche ozonizarse l&#039;impasto, molto pi\u00f9 efficace di aerare loro.<\/p>\n<p>Malattie causate da funghi, come, per esempio, Rhizoctonia, Fusarium, Phytophthora, Pythium, la malattia di Accensione della vite, ecc, sono debellata con l&#039;ozonizzazione. \u00c8 noto il potere di Trichodermas nella degradazione di alcuni gruppi di pesticidi ad alta resistenza, tra i quali anche organoclorurati. Anche se entrambi rimangono con l&#039;ozonizzazione ci affidiamo interamente sul Micorrizici e il Trichodermas, un gruppo di funghi che si trovano in terreni che sono equilibrate e che svolgono un importante ruolo collaborativo e di difesa della pianta, in particolare contro i nematodi. Inoltre siamo in grado di venire a dispensare con il fungo Beauveria Bassiana (precedentemente chiamato Botrytis bassiana), utilizzati come insetticidi biologici.<\/p>\n<h3 style=\"text-align: center;\">Come si fa a ottenere che?<\/h3>\n<h5>L&#039;acqua trattata con Ozono porta alle radici attraverso l&#039;irrigazione.<\/h5>\n<ul>\n<li><strong>Saldi colonie, eliminando i microrganismi<\/strong>: rimuove i funghi, virus, batteri e altri microrganismi che ostacolano l&#039;assorbimento di nutrienti, e tendono a limitare la loro crescita.<\/li>\n<\/ul>\n<ul>\n<li><strong>Il controllo di insetti<\/strong>: il suo effetto batteriostatico impedisce agli insetti di riproduzione e la diffusione della peste, essendo sensibili all&#039;Ozono, cisti, uova e larve.<\/li>\n<\/ul>\n<ul>\n<li><strong>Ossigena il piano<\/strong>: con l&#039;acqua, il substrato essere la perdita di ossigeno. Utilizzando acqua ozonizzata, le radici assorbono l&#039;acqua con maggiori tassi di Ossigeno, qualcosa che alimenter\u00e0 la vostra intera struttura, contribuir\u00e0 a mettere radici e crescere pi\u00f9 velocemente.<\/li>\n<\/ul>\n<p>&nbsp;<\/p>\n<p><img loading=\"lazy\" decoding=\"async\" class=\"wp-image-3085 aligncenter\" src=\"https:\/\/serviozono.com\/wp-content\/uploads\/2024\/08\/regadio-aspersion-w1.png\" alt=\"\" width=\"491\" height=\"307\" srcset=\"https:\/\/serviozono.com\/wp-content\/uploads\/2024\/08\/regadio-aspersion-w1.png 400w, https:\/\/serviozono.com\/wp-content\/uploads\/2024\/08\/regadio-aspersion-w1-18x12.png 18w, https:\/\/serviozono.com\/wp-content\/uploads\/2024\/08\/regadio-aspersion-w1-320x200.png 320w\" sizes=\"auto, (max-width: 491px) 100vw, 491px\" \/><\/p>\n<p>&nbsp;<\/p>\n<p>La manipolazione di sostanze chimiche pericolose da parte degli agricoltori, causa la cronica o di esposizione ad alte concentrazioni di determinati pesticidi e pu\u00f2 causare danni al sistema nervoso, i reni, il fegato e il cervello, non \u00e8 qualcosa che accade di lavoro con l&#039;ozonizzazione.<\/p>\n<p>L&#039;irrigazione con Ozono riparazioni suoli degradati e contaminati da agenti patogeni, da riscatto di loro e li prepara per la nuova stagione. L&#039;Ozono mette fine ai problemi di peste e ricorrente gi\u00e0 fuori controllo.<\/p>\n<div class=\"et_pb_testimonial_description_inner\">\n<div class=\"et_pb_testimonial_content\"><\/div>\n<\/div>\n<h3 style=\"text-align: center;\">L&#039;Ozono nella preparazione del suolo<\/h3>\n<p>\u00c8 noto che una buona preparazione del terreno, contribuendo ad aumentare la produzione agricola fino al 30%, raggiungendo e superando quelle cede pi\u00f9 facilmente quando si utilizza acqua ozonizzata. Tra i benefici ottenuti dall&#039;Ozono nella preparazione del terreno pu\u00f2 essere evidenziato:<\/p>\n<ul>\n<li>Migliora il flusso dell&#039;acqua e dell&#039;aria, evitando che si formano sul terreno duro strati che limitano la penetrazione e la crescita delle radici, e migliorare la resistenza all&#039;erosione.<\/li>\n<li>Incorporando un fertilizzante materia organica disciolta, aumenta la disponibilit\u00e0 di nutrienti, migliorare la fertilit\u00e0 del suolo.<\/li>\n<li>Tutto questo contribuir\u00e0 a ottimizzare i regimi di temperatura e di umidit\u00e0 del suolo.<\/li>\n<li>Previene la formazione della superficie di tenuta del terreno.<\/li>\n<\/ul>\n<p>&nbsp;<\/p>\n<p><img loading=\"lazy\" decoding=\"async\" class=\"wp-image-3086 aligncenter\" src=\"https:\/\/serviozono.com\/wp-content\/uploads\/2024\/08\/paste2030.jpg\" alt=\"\" width=\"610\" height=\"333\" srcset=\"https:\/\/serviozono.com\/wp-content\/uploads\/2024\/08\/paste2030.jpg 427w, https:\/\/serviozono.com\/wp-content\/uploads\/2024\/08\/paste2030-18x10.jpg 18w, https:\/\/serviozono.com\/wp-content\/uploads\/2024\/08\/paste2030-320x175.jpg 320w\" sizes=\"auto, (max-width: 610px) 100vw, 610px\" \/><\/p>\n<p><strong>\u00a0 \u00a0 \u00a0 <\/strong><\/p>\n<h4>Caratteristiche Tecniche<\/h4>\n<p>&nbsp;<\/p>\n<table>\n<tbody>\n<tr bgcolor=\"#f0f0f0\">\n<td>Modello<\/td>\n<td>Per i Depositi di Acqua<\/td>\n<td>La produzione di O3\/h<\/td>\n<td><\/td>\n<\/tr>\n<tr>\n<td>U. MULTIAGRO-4G<\/td>\n<td>Da 500 A 1000 Litri<\/td>\n<td>4000 mg<\/td>\n<td><\/td>\n<\/tr>\n<\/tbody>\n<\/table>\n<p>&nbsp;<\/p>\n<p>&nbsp;<\/p>","protected":false},"excerpt":{"rendered":"<p>Unit\u00e0 Multiagro di 4.000 mg Per i Depositi da 500 fino a 1000 Litri di Acqua<\/p>","protected":false},"featured_media":3088,"template":"","meta":[],"product_brand":[],"product_cat":[136],"product_tag":[],"class_list":{"0":"post-3073","1":"product","2":"type-product","3":"status-publish","4":"has-post-thumbnail","6":"product_cat-multiagro","8":"first","9":"instock","10":"sale","11":"taxable","12":"shipping-taxable","13":"purchasable","14":"product-type-simple"},"_links":{"self":[{"href":"https:\/\/serviozono.com\/it\/wp-json\/wp\/v2\/product\/3073","targetHints":{"allow":["GET"]}}],"collection":[{"href":"https:\/\/serviozono.com\/it\/wp-json\/wp\/v2\/product"}],"about":[{"href":"https:\/\/serviozono.com\/it\/wp-json\/wp\/v2\/types\/product"}],"wp:featuredmedia":[{"embeddable":true,"href":"https:\/\/serviozono.com\/it\/wp-json\/wp\/v2\/media\/3088"}],"wp:attachment":[{"href":"https:\/\/serviozono.com\/it\/wp-json\/wp\/v2\/media?parent=3073"}],"wp:term":[{"taxonomy":"product_brand","embeddable":true,"href":"https:\/\/serviozono.com\/it\/wp-json\/wp\/v2\/product_brand?post=3073"},{"taxonomy":"product_cat","embeddable":true,"href":"https:\/\/serviozono.com\/it\/wp-json\/wp\/v2\/product_cat?post=3073"},{"taxonomy":"product_tag","embeddable":true,"href":"https:\/\/serviozono.com\/it\/wp-json\/wp\/v2\/product_tag?post=3073"}],"curies":[{"name":"wp","href":"https:\/\/api.w.org\/{rel}","templated":true}]}}